{"id":2077,"date":"2023-02-25T14:30:35","date_gmt":"2023-02-25T13:30:35","guid":{"rendered":"https:\/\/brickett-energy-sarl.com\/?page_id=2077"},"modified":"2023-04-12T14:37:23","modified_gmt":"2023-04-12T12:37:23","slug":"carriere","status":"publish","type":"page","link":"https:\/\/brickett-energy-sarl.com\/en\/carriere\/","title":{"rendered":"Career"},"content":{"rendered":"<div data-elementor-type=\"wp-page\" data-elementor-id=\"2077\" class=\"elementor elementor-2077\">\n\t\t\t\t\t\t<section class=\"elementor-section elementor-top-section elementor-element elementor-element-63f8ead1 elementor-section-boxed elementor-section-height-default elementor-section-height-default\" data-id=\"63f8ead1\" data-element_type=\"section\" data-settings=\"{&quot;background_background&quot;:&quot;classic&quot;}\">\n\t\t\t\t\t\t\t<div class=\"elementor-background-overlay\"><\/div>\n\t\t\t\t\t\t\t<div class=\"elementor-container elementor-column-gap-no\">\n\t\t\t\t\t<div class=\"elementor-column elementor-col-100 elementor-top-column elementor-element elementor-element-51d6765e\" data-id=\"51d6765e\" data-element_type=\"column\" data-settings=\"{&quot;background_background&quot;:&quot;classic&quot;}\">\n\t\t\t<div class=\"elementor-widget-wrap elementor-element-populated\">\n\t\t\t\t\t\t<div class=\"elementor-element elementor-element-4ba5f800 elementor-widget elementor-widget-heading\" data-id=\"4ba5f800\" data-element_type=\"widget\" data-widget_type=\"heading.default\">\n\t\t\t\t<div class=\"elementor-widget-container\">\n\t\t\t\t\t<h1 class=\"elementor-heading-title elementor-size-default\">Career<\/h1>\t\t\t\t<\/div>\n\t\t\t\t<\/div>\n\t\t\t\t\t<\/div>\n\t\t<\/div>\n\t\t\t\t\t<\/div>\n\t\t<\/section>\n\t\t\t\t<section class=\"elementor-section elementor-top-section elementor-element elementor-element-32d83648 elementor-section-content-middle elementor-section-boxed elementor-section-height-default elementor-section-height-default\" data-id=\"32d83648\" data-element_type=\"section\">\n\t\t\t\t\t\t<div class=\"elementor-container elementor-column-gap-no\">\n\t\t\t\t\t<div class=\"elementor-column elementor-col-50 elementor-top-column elementor-element elementor-element-70a0a4ca\" data-id=\"70a0a4ca\" data-element_type=\"column\">\n\t\t\t<div class=\"elementor-widget-wrap elementor-element-populated\">\n\t\t\t\t\t\t<div class=\"elementor-element elementor-element-691f0109 elementor-widget elementor-widget-image\" data-id=\"691f0109\" data-element_type=\"widget\" data-widget_type=\"image.default\">\n\t\t\t\t<div class=\"elementor-widget-container\">\n\t\t\t\t\t\t\t\t\t\t\t\t\t\t\t<img fetchpriority=\"high\" decoding=\"async\" width=\"1536\" height=\"1018\" src=\"https:\/\/brickett-energy-sarl.com\/wp-content\/uploads\/2023\/03\/machine-climatisation-g35fde5b61_1920-1536x1018.jpg\" class=\"attachment-1536x1536 size-1536x1536 wp-image-2466\" alt=\"\" srcset=\"https:\/\/brickett-energy-sarl.com\/wp-content\/uploads\/2023\/03\/machine-climatisation-g35fde5b61_1920-1536x1018.jpg 1536w, https:\/\/brickett-energy-sarl.com\/wp-content\/uploads\/2023\/03\/machine-climatisation-g35fde5b61_1920-300x199.jpg 300w, https:\/\/brickett-energy-sarl.com\/wp-content\/uploads\/2023\/03\/machine-climatisation-g35fde5b61_1920-1024x678.jpg 1024w, https:\/\/brickett-energy-sarl.com\/wp-content\/uploads\/2023\/03\/machine-climatisation-g35fde5b61_1920-768x509.jpg 768w, https:\/\/brickett-energy-sarl.com\/wp-content\/uploads\/2023\/03\/machine-climatisation-g35fde5b61_1920-18x12.jpg 18w, https:\/\/brickett-energy-sarl.com\/wp-content\/uploads\/2023\/03\/machine-climatisation-g35fde5b61_1920-600x398.jpg 600w, https:\/\/brickett-energy-sarl.com\/wp-content\/uploads\/2023\/03\/machine-climatisation-g35fde5b61_1920.jpg 1920w\" sizes=\"(max-width: 1536px) 100vw, 1536px\" \/>\t\t\t\t\t\t\t\t\t\t\t\t\t\t\t<\/div>\n\t\t\t\t<\/div>\n\t\t\t\t\t<\/div>\n\t\t<\/div>\n\t\t\t\t<div class=\"elementor-column elementor-col-50 elementor-top-column elementor-element elementor-element-46afbb6e\" data-id=\"46afbb6e\" data-element_type=\"column\">\n\t\t\t<div class=\"elementor-widget-wrap elementor-element-populated\">\n\t\t\t\t\t\t<div class=\"elementor-element elementor-element-32bfdfc1 elementor-widget elementor-widget-heading\" data-id=\"32bfdfc1\" data-element_type=\"widget\" data-widget_type=\"heading.default\">\n\t\t\t\t<div class=\"elementor-widget-container\">\n\t\t\t\t\t<h2 class=\"elementor-heading-title elementor-size-default\">Our Works<\/h2>\t\t\t\t<\/div>\n\t\t\t\t<\/div>\n\t\t\t\t<div class=\"elementor-element elementor-element-5e2d0580 elementor-widget-divider--view-line elementor-widget elementor-widget-divider\" data-id=\"5e2d0580\" data-element_type=\"widget\" data-widget_type=\"divider.default\">\n\t\t\t\t<div class=\"elementor-widget-container\">\n\t\t\t\t\t\t\t<div class=\"elementor-divider\">\n\t\t\t<span class=\"elementor-divider-separator\">\n\t\t\t\t\t\t<\/span>\n\t\t<\/div>\n\t\t\t\t\t\t<\/div>\n\t\t\t\t<\/div>\n\t\t\t\t<div class=\"elementor-element elementor-element-5e8491dd elementor-widget elementor-widget-text-editor\" data-id=\"5e8491dd\" data-element_type=\"widget\" data-widget_type=\"text-editor.default\">\n\t\t\t\t<div class=\"elementor-widget-container\">\n\t\t\t\t\t\t\t\t\t<p>We are a leading provider of technology and services to the energy and construction industries. Working at the forefront of one of the most dynamic and exciting industries offers unique opportunities to achieve incredible things and reach ambitious personal goals. We have been pioneering work for many years and will continue to do so by giving talented people the platform to be the best they can be. Together, we are creating amazing technology that opens up access to energy, for the benefit of all.<\/p><p>To drive Africa's growth, <strong>Brickett Sarl Energy<\/strong>\u00a0must utilize the talents of diverse teams with highly skilled, innovative and dedicated individuals.<\/p>\t\t\t\t\t\t\t\t<\/div>\n\t\t\t\t<\/div>\n\t\t\t\t\t<\/div>\n\t\t<\/div>\n\t\t\t\t\t<\/div>\n\t\t<\/section>\n\t\t\t\t<section class=\"elementor-section elementor-top-section elementor-element elementor-element-8276cf9 elementor-section-boxed elementor-section-height-default elementor-section-height-default\" data-id=\"8276cf9\" data-element_type=\"section\">\n\t\t\t\t\t\t<div class=\"elementor-container elementor-column-gap-default\">\n\t\t\t\t\t<div class=\"elementor-column elementor-col-100 elementor-top-column elementor-element elementor-element-94274cf\" data-id=\"94274cf\" data-element_type=\"column\">\n\t\t\t<div class=\"elementor-widget-wrap elementor-element-populated\">\n\t\t\t\t\t\t<div class=\"elementor-element elementor-element-277b0e0 elementor-widget elementor-widget-text-editor\" data-id=\"277b0e0\" data-element_type=\"widget\" data-widget_type=\"text-editor.default\">\n\t\t\t\t<div class=\"elementor-widget-container\">\n\t\t\t\t\t\t\t\t\t<p>If you really want to make a difference while investing in your skills and experience and taking your career to new heights, consider working with<strong>\u00a0Brickett Sarl Energy<\/strong>. As a leading Africa-focused services company, we are always looking for people who share our values of security, integrity, excellence, unity, sustainability and fulfillment. With our multi-disciplinary service areas, there are always opportunities available to join our experienced teams. We offer extraordinary opportunities and challenges to help you pursue your goals and develop new skills.<\/p>\t\t\t\t\t\t\t\t<\/div>\n\t\t\t\t<\/div>\n\t\t\t\t<div class=\"elementor-element elementor-element-e6e6914 elementor-align-left elementor-mobile-align-center elementor-widget elementor-widget-button\" data-id=\"e6e6914\" data-element_type=\"widget\" data-widget_type=\"button.default\">\n\t\t\t\t<div class=\"elementor-widget-container\">\n\t\t\t\t\t\t\t\t\t<div class=\"elementor-button-wrapper\">\n\t\t\t\t\t<a class=\"elementor-button elementor-button-link elementor-size-sm\" href=\"https:\/\/brickett-energy-sarl.com\/en\/contact-us\/\">\n\t\t\t\t\t\t<span class=\"elementor-button-content-wrapper\">\n\t\t\t\t\t\t<span class=\"elementor-button-icon\">\n\t\t\t\t<svg xmlns=\"http:\/\/www.w3.org\/2000\/svg\" viewbox=\"0 0 32 32\"><path d=\"M 18.71875 6.78125 L 17.28125 8.21875 L 24.0625 15 L 4 15 L 4 17 L 24.0625 17 L 17.28125 23.78125 L 18.71875 25.21875 L 27.21875 16.71875 L 27.90625 16 L 27.21875 15.28125 Z\"><\/path><\/svg>\t\t\t<\/span>\n\t\t\t\t\t\t\t\t\t<span class=\"elementor-button-text\">contact our experts<\/span>\n\t\t\t\t\t<\/span>\n\t\t\t\t\t<\/a>\n\t\t\t\t<\/div>\n\t\t\t\t\t\t\t\t<\/div>\n\t\t\t\t<\/div>\n\t\t\t\t\t<\/div>\n\t\t<\/div>\n\t\t\t\t\t<\/div>\n\t\t<\/section>\n\t\t\t\t<\/div>","protected":false},"excerpt":{"rendered":"<p>Carri\u00e8re Nos Carri\u00e8re Nous sommes l\u2019un des fournisseurs de technologies et de services pour l&rsquo;industrie de l&rsquo;\u00e9nergie et du BTP. Travailler \u00e0 l&rsquo;avant-garde de l&rsquo;une des industries les plus dynamiques et passionnantes offre des opportunit\u00e9s uniques de r\u00e9aliser des choses incroyables et d&rsquo;atteindre des objectifs personnels ambitieux. Nous avons fait un travail de pionnier pendant &hellip;<\/p>\n<p class=\"read-more\"> <a class=\"\" href=\"https:\/\/brickett-energy-sarl.com\/en\/carriere\/\"> <span class=\"screen-reader-text\">Career<\/span> Read More &raquo;<\/a><\/p>","protected":false},"author":1,"featured_media":0,"parent":0,"menu_order":0,"comment_status":"closed","ping_status":"closed","template":"","meta":{"site-sidebar-layout":"no-sidebar","site-content-layout":"page-builder","ast-global-header-display":"","ast-main-header-display":"","ast-hfb-above-header-display":"","ast-hfb-below-header-display":"","ast-hfb-mobile-header-display":"","site-post-title":"disabled","ast-breadcrumbs-content":"","ast-featured-img":"disabled","footer-sml-layout":"","theme-transparent-header-meta":"","adv-header-id-meta":"","stick-header-meta":"","header-above-stick-meta":"","header-main-stick-meta":"","header-below-stick-meta":"","footnotes":""},"class_list":["post-2077","page","type-page","status-publish","hentry"],"_links":{"self":[{"href":"https:\/\/brickett-energy-sarl.com\/en\/wp-json\/wp\/v2\/pages\/2077","targetHints":{"allow":["GET"]}}],"collection":[{"href":"https:\/\/brickett-energy-sarl.com\/en\/wp-json\/wp\/v2\/pages"}],"about":[{"href":"https:\/\/brickett-energy-sarl.com\/en\/wp-json\/wp\/v2\/types\/page"}],"author":[{"embeddable":true,"href":"https:\/\/brickett-energy-sarl.com\/en\/wp-json\/wp\/v2\/users\/1"}],"replies":[{"embeddable":true,"href":"https:\/\/brickett-energy-sarl.com\/en\/wp-json\/wp\/v2\/comments?post=2077"}],"version-history":[{"count":20,"href":"https:\/\/brickett-energy-sarl.com\/en\/wp-json\/wp\/v2\/pages\/2077\/revisions"}],"predecessor-version":[{"id":2679,"href":"https:\/\/brickett-energy-sarl.com\/en\/wp-json\/wp\/v2\/pages\/2077\/revisions\/2679"}],"wp:attachment":[{"href":"https:\/\/brickett-energy-sarl.com\/en\/wp-json\/wp\/v2\/media?parent=2077"}],"curies":[{"name":"wp","href":"https:\/\/api.w.org\/{rel}","templated":true}]}}