{"id":2542,"date":"2023-03-23T16:42:07","date_gmt":"2023-03-23T15:42:07","guid":{"rendered":"https:\/\/brickett-energy-sarl.com\/?post_type=product&#038;p=2542"},"modified":"2023-03-23T16:42:08","modified_gmt":"2023-03-23T15:42:08","slug":"foret-et-burin","status":"publish","type":"product","link":"https:\/\/brickett-energy-sarl.com\/en\/product\/foret-et-burin\/","title":{"rendered":"Foret et burin"},"content":{"rendered":"<p><em>Foret<\/em>\u00a0et\u00a0<em>burins<\/em>\u00a0pas cher. Grand choix, promos<\/p>","protected":false},"excerpt":{"rendered":"<ul class=\"i8Z77e\">\n<li class=\"TrT0Xe\"><b>Forets<\/b>\u00a0\u00e0 m\u00e9taux : les\u00a0<b>forets<\/b>\u00a0\u00e0 m\u00e9taux sont adapt\u00e9s \u00e0 l&rsquo;aluminium, au cuivre, au laiton, au zinc, au fer et \u00e0 l&rsquo;acier non alli\u00e9. &#8230;<\/li>\n<li class=\"TrT0Xe\"><b>Forets<\/b>\u00a0\u00e0 bois :\u00a0<b>forets<\/b>\u00a0dot\u00e9s d&rsquo;une pointe de centrage et de deux couteaux de pr\u00e9-coupe assurant un per\u00e7age propre du bois.<\/li>\n<li class=\"TrT0Xe\"><b>Forets<\/b>\u00a0\u00e0 b\u00e9ton :<\/li>\n<\/ul>","protected":false},"featured_media":2543,"comment_status":"open","ping_status":"closed","template":"","meta":{"site-sidebar-layout":"default","site-content-layout":"default","ast-global-header-display":"","ast-main-header-display":"","ast-hfb-above-header-display":"","ast-hfb-below-header-display":"","ast-hfb-mobile-header-display":"","site-post-title":"","ast-breadcrumbs-content":"","ast-featured-img":"","footer-sml-layout":"","theme-transparent-header-meta":"default","adv-header-id-meta":"","stick-header-meta":"","header-above-stick-meta":"","header-main-stick-meta":"","header-below-stick-meta":""},"product_brand":[],"product_cat":[26],"product_tag":[],"class_list":{"0":"post-2542","1":"product","2":"type-product","3":"status-publish","4":"has-post-thumbnail","6":"product_cat-outillage-materiel-de-chantier","7":"desktop-align-left","8":"tablet-align-left","9":"mobile-align-left","11":"first","12":"instock","13":"shipping-taxable","14":"product-type-simple"},"_links":{"self":[{"href":"https:\/\/brickett-energy-sarl.com\/en\/wp-json\/wp\/v2\/product\/2542","targetHints":{"allow":["GET"]}}],"collection":[{"href":"https:\/\/brickett-energy-sarl.com\/en\/wp-json\/wp\/v2\/product"}],"about":[{"href":"https:\/\/brickett-energy-sarl.com\/en\/wp-json\/wp\/v2\/types\/product"}],"replies":[{"embeddable":true,"href":"https:\/\/brickett-energy-sarl.com\/en\/wp-json\/wp\/v2\/comments?post=2542"}],"wp:featuredmedia":[{"embeddable":true,"href":"https:\/\/brickett-energy-sarl.com\/en\/wp-json\/wp\/v2\/media\/2543"}],"wp:attachment":[{"href":"https:\/\/brickett-energy-sarl.com\/en\/wp-json\/wp\/v2\/media?parent=2542"}],"wp:term":[{"taxonomy":"product_brand","embeddable":true,"href":"https:\/\/brickett-energy-sarl.com\/en\/wp-json\/wp\/v2\/product_brand?post=2542"},{"taxonomy":"product_cat","embeddable":true,"href":"https:\/\/brickett-energy-sarl.com\/en\/wp-json\/wp\/v2\/product_cat?post=2542"},{"taxonomy":"product_tag","embeddable":true,"href":"https:\/\/brickett-energy-sarl.com\/en\/wp-json\/wp\/v2\/product_tag?post=2542"}],"curies":[{"name":"wp","href":"https:\/\/api.w.org\/{rel}","templated":true}]}}