{"id":2546,"date":"2023-03-23T16:51:45","date_gmt":"2023-03-23T15:51:45","guid":{"rendered":"https:\/\/brickett-energy-sarl.com\/?post_type=product&#038;p=2546"},"modified":"2023-03-23T16:51:46","modified_gmt":"2023-03-23T15:51:46","slug":"accessoires-de-maconnerie","status":"publish","type":"product","link":"https:\/\/brickett-energy-sarl.com\/en\/product\/accessoires-de-maconnerie\/","title":{"rendered":"Accessoires de ma\u00e7onnerie"},"content":{"rendered":"<ul class=\"category-sub-menu m-0\">\n<li class=\"category-sub__item category-sub__item--0 clearfix pr-3 pl-3\" data-depth=\"0\">\n<div class=\"d-flex\">Auges<\/div>\n<\/li>\n<li class=\"category-sub__item category-sub__item--0 clearfix pr-3 pl-3\" data-depth=\"0\">\n<div class=\"d-flex\">Balais<\/div>\n<\/li>\n<li class=\"category-sub__item category-sub__item--0 clearfix pr-3 pl-3\" data-depth=\"0\">\n<div class=\"d-flex\">Barres \u00e0 d\u00e9buller<\/div>\n<\/li>\n<li class=\"category-sub__item category-sub__item--0 clearfix pr-3 pl-3\" data-depth=\"0\">\n<div class=\"d-flex\">Burins de ma\u00e7on<\/div>\n<\/li>\n<li class=\"category-sub__item category-sub__item--0 clearfix pr-3 pl-3\" data-depth=\"0\">\n<div class=\"d-flex\">Chevillettes de ma\u00e7on<\/div>\n<\/li>\n<li class=\"category-sub__item category-sub__item--0 clearfix pr-3 pl-3\" data-depth=\"0\">\n<div class=\"d-flex\">Cordeaux<\/div>\n<\/li>\n<li class=\"category-sub__item category-sub__item--0 clearfix pr-3 pl-3\" data-depth=\"0\">\n<div class=\"d-flex\">Craies<\/div>\n<\/li>\n<li class=\"category-sub__item category-sub__item--0 clearfix pr-3 pl-3\" data-depth=\"0\">\n<div class=\"d-flex\">Fers \u00e0 marche<\/div>\n<\/li>\n<li class=\"category-sub__item category-sub__item--0 clearfix pr-3 pl-3\" data-depth=\"0\">\n<div class=\"d-flex\">Fil \u00e0 plomb<\/div>\n<\/li>\n<li class=\"category-sub__item category-sub__item--0 clearfix pr-3 pl-3\" data-depth=\"0\">\n<div class=\"d-flex\">Grattoirs de chantier<\/div>\n<\/li>\n<li class=\"category-sub__item category-sub__item--0 clearfix pr-3 pl-3\" data-depth=\"0\">\n<div class=\"d-flex\">Lieurs automatiques<\/div>\n<\/li>\n<li class=\"category-sub__item category-sub__item--0 clearfix pr-3 pl-3\" data-depth=\"0\">\n<div class=\"d-flex\">Malaxeurs<\/div>\n<\/li>\n<li class=\"category-sub__item category-sub__item--0 clearfix pr-3 pl-3\" data-depth=\"0\">\n<div class=\"d-flex\">Manches<\/div>\n<\/li>\n<li class=\"category-sub__item category-sub__item--0 clearfix pr-3 pl-3\" data-depth=\"0\">\n<div class=\"d-flex\">Pelles<\/div>\n<\/li>\n<li class=\"category-sub__item category-sub__item--0 clearfix pr-3 pl-3\" data-depth=\"0\">\n<div class=\"d-flex\">Pinces \u00e0 d\u00e9coffrer<\/div>\n<\/li>\n<li class=\"category-sub__item category-sub__item--0 clearfix pr-3 pl-3\" data-depth=\"0\">\n<div class=\"d-flex\">Pioches<\/div>\n<\/li>\n<li class=\"category-sub__item category-sub__item--0 clearfix pr-3 pl-3\" data-depth=\"0\">\n<div class=\"d-flex\">Platoirs<\/div>\n<\/li>\n<li class=\"category-sub__item category-sub__item--0 clearfix pr-3 pl-3\" data-depth=\"0\">\n<div class=\"d-flex\">Rateaux<\/div>\n<\/li>\n<li class=\"category-sub__item category-sub__item--0 clearfix pr-3 pl-3\" data-depth=\"0\">\n<div class=\"d-flex\">Seaux<\/div>\n<\/li>\n<li class=\"category-sub__item category-sub__item--0 clearfix pr-3 pl-3\" data-depth=\"0\">\n<div class=\"d-flex\">Taloches<\/div>\n<\/li>\n<li class=\"category-sub__item category-sub__item--0 clearfix pr-3 pl-3\" data-depth=\"0\">\n<div class=\"d-flex\">Tamis<\/div>\n<\/li>\n<li class=\"category-sub__item category-sub__item--0 clearfix pr-3 pl-3\" data-depth=\"0\">\n<div class=\"d-flex\">Truelles<\/div>\n<\/li>\n<li class=\"category-sub__item category-sub__item--0 clearfix pr-3 pl-3\" data-depth=\"0\">\n<div class=\"d-flex\">\u00c9ponges<\/div>\n<\/li>\n<li class=\"category-sub__item category-sub__item--0 clearfix pr-3 pl-3\" data-depth=\"0\">\n<div class=\"d-flex\">\u00c9querres de ma\u00e7on<\/div>\n<\/li>\n<\/ul>","protected":false},"excerpt":{"rendered":"<p>Auges Balais Barres \u00e0 d\u00e9buller Burins de ma\u00e7on Chevillettes de ma\u00e7on Cordeaux Craies Fers \u00e0 marche Fil \u00e0 plomb Grattoirs de chantier Lieurs automatiques Malaxeurs Manches Pelles Pinces \u00e0 d\u00e9coffrer Pioches Platoirs Rateaux Seaux Taloches Tamis Truelles \u00c9ponges \u00c9querres de ma\u00e7on<\/p>","protected":false},"featured_media":2547,"comment_status":"open","ping_status":"closed","template":"","meta":{"site-sidebar-layout":"default","site-content-layout":"default","ast-global-header-display":"","ast-main-header-display":"","ast-hfb-above-header-display":"","ast-hfb-below-header-display":"","ast-hfb-mobile-header-display":"","site-post-title":"","ast-breadcrumbs-content":"","ast-featured-img":"","footer-sml-layout":"","theme-transparent-header-meta":"default","adv-header-id-meta":"","stick-header-meta":"","header-above-stick-meta":"","header-main-stick-meta":"","header-below-stick-meta":""},"product_brand":[],"product_cat":[26],"product_tag":[],"class_list":{"0":"post-2546","1":"product","2":"type-product","3":"status-publish","4":"has-post-thumbnail","6":"product_cat-outillage-materiel-de-chantier","7":"desktop-align-left","8":"tablet-align-left","9":"mobile-align-left","11":"first","12":"instock","13":"shipping-taxable","14":"product-type-grouped"},"_links":{"self":[{"href":"https:\/\/brickett-energy-sarl.com\/en\/wp-json\/wp\/v2\/product\/2546","targetHints":{"allow":["GET"]}}],"collection":[{"href":"https:\/\/brickett-energy-sarl.com\/en\/wp-json\/wp\/v2\/product"}],"about":[{"href":"https:\/\/brickett-energy-sarl.com\/en\/wp-json\/wp\/v2\/types\/product"}],"replies":[{"embeddable":true,"href":"https:\/\/brickett-energy-sarl.com\/en\/wp-json\/wp\/v2\/comments?post=2546"}],"wp:featuredmedia":[{"embeddable":true,"href":"https:\/\/brickett-energy-sarl.com\/en\/wp-json\/wp\/v2\/media\/2547"}],"wp:attachment":[{"href":"https:\/\/brickett-energy-sarl.com\/en\/wp-json\/wp\/v2\/media?parent=2546"}],"wp:term":[{"taxonomy":"product_brand","embeddable":true,"href":"https:\/\/brickett-energy-sarl.com\/en\/wp-json\/wp\/v2\/product_brand?post=2546"},{"taxonomy":"product_cat","embeddable":true,"href":"https:\/\/brickett-energy-sarl.com\/en\/wp-json\/wp\/v2\/product_cat?post=2546"},{"taxonomy":"product_tag","embeddable":true,"href":"https:\/\/brickett-energy-sarl.com\/en\/wp-json\/wp\/v2\/product_tag?post=2546"}],"curies":[{"name":"wp","href":"https:\/\/api.w.org\/{rel}","templated":true}]}}